{"id":1595,"date":"2025-07-10T20:30:20","date_gmt":"2025-07-10T20:30:20","guid":{"rendered":"https:\/\/novacareclinic.net\/?page_id=1595"},"modified":"2025-08-03T14:47:43","modified_gmt":"2025-08-03T14:47:43","slug":"plastic-surgery","status":"publish","type":"page","link":"https:\/\/novacareclinic.net\/it\/plastic-surgery\/","title":{"rendered":"Chirurgia plastica"},"content":{"rendered":"<div data-elementor-type=\"wp-page\" data-elementor-id=\"1595\" class=\"elementor elementor-1595\">\n\t\t\t\t<div class=\"elementor-element elementor-element-e204aeb e-flex e-con-boxed lakit-col-width-auto-no e-container e-root-container elementor-top-section e-con e-parent\" data-id=\"e204aeb\" data-element_type=\"container\" data-e-type=\"container\" data-settings=\"{&quot;background_background&quot;:&quot;classic&quot;}\">\n\t\t\t\t\t<div class=\"e-con-inner\">\n\t\t\t\t<div class=\"elementor-element elementor-element-48b741b elementor-widget elementor-widget-heading\" data-id=\"48b741b\" data-element_type=\"widget\" data-e-type=\"widget\" data-widget_type=\"heading.default\">\n\t\t\t\t\t<h1 class=\"elementor-heading-title elementor-size-default\">Chirurgia plastica<\/h1>\t\t\t\t<\/div>\n\t\t\t\t\t<\/div>\n\t\t\t\t<\/div>\n\t\t<div class=\"elementor-element elementor-element-627fc2b e-con-full e-flex lakit-col-width-auto-no e-container e-root-container elementor-top-section e-con e-parent\" data-id=\"627fc2b\" data-element_type=\"container\" data-e-type=\"container\" data-settings=\"{&quot;background_background&quot;:&quot;classic&quot;}\">\n\t\t<div class=\"elementor-element elementor-element-5ecba25 e-con-full e-flex lakit-col-width-auto-no e-container e-con e-child\" data-id=\"5ecba25\" data-element_type=\"container\" data-e-type=\"container\" data-settings=\"{&quot;background_background&quot;:&quot;classic&quot;}\">\n\t\t\t\t<\/div>\n\t\t<div class=\"elementor-element elementor-element-526cdcd e-con-full e-flex lakit-col-width-auto-no e-container e-con e-child\" data-id=\"526cdcd\" data-element_type=\"container\" data-e-type=\"container\">\n\t\t<div class=\"elementor-element elementor-element-448342e e-con-full e-flex lakit-col-width-auto-no e-container e-con e-child\" data-id=\"448342e\" data-element_type=\"container\" data-e-type=\"container\">\n\t\t\t\t<div class=\"elementor-element elementor-element-51e919f elementor-widget__width-initial elementor-widget elementor-widget-heading\" data-id=\"51e919f\" data-element_type=\"widget\" data-e-type=\"widget\" data-widget_type=\"heading.default\">\n\t\t\t\t\t<h2 class=\"elementor-heading-title elementor-size-default\">Chirurgia plastica\n<\/h2>\t\t\t\t<\/div>\n\t\t\t\t<div class=\"elementor-element elementor-element-2e2da74 elementor-widget__width-initial elementor-widget elementor-widget-text-editor\" data-id=\"2e2da74\" data-element_type=\"widget\" data-e-type=\"widget\" data-widget_type=\"text-editor.default\">\n\t\t\t\t\t\t\t\t\t<p data-start=\"290\" data-end=\"669\">La chirurgia plastica \u00e8 una specialit\u00e0 medica focalizzata sulla ricostruzione, il ripristino o la modifica del corpo umano. Comprende sia interventi di chirurgia estetica volti a migliorare l&#039;aspetto, sia interventi di chirurgia ricostruttiva che riparano difetti causati da traumi, condizioni congenite o malattie. L&#039;obiettivo \u00e8 migliorare la funzionalit\u00e0, l&#039;estetica e la qualit\u00e0 della vita.<\/p>\t\t\t\t\t\t\t\t<\/div>\n\t\t\t\t<\/div>\n\t\t\t\t<\/div>\n\t\t\t\t<\/div>\n\t\t<div class=\"elementor-element elementor-element-eda0ba9 e-flex e-con-boxed lakit-col-width-auto-no e-container e-root-container elementor-top-section e-con e-parent\" data-id=\"eda0ba9\" data-element_type=\"container\" data-e-type=\"container\" data-settings=\"{&quot;background_background&quot;:&quot;classic&quot;}\">\n\t\t\t\t\t<div class=\"e-con-inner\">\n\t\t<div class=\"elementor-element elementor-element-30a2590 e-con-full e-flex lakit-col-width-auto-no e-container e-con e-child\" data-id=\"30a2590\" data-element_type=\"container\" data-e-type=\"container\" data-settings=\"{&quot;background_background&quot;:&quot;classic&quot;}\">\n\t\t<div class=\"elementor-element elementor-element-5550382 e-con-full e-flex lakit-col-width-auto-no e-container e-con e-child\" data-id=\"5550382\" data-element_type=\"container\" data-e-type=\"container\">\n\t\t\t\t<div class=\"elementor-element elementor-element-2c10332 elementor-widget__width-initial elementor-widget elementor-widget-text-editor\" data-id=\"2c10332\" data-element_type=\"widget\" data-e-type=\"widget\" data-widget_type=\"text-editor.default\">\n\t\t\t\t\t\t\t\t\t<h3 data-start=\"480\" data-end=\"512\">Procedure cosmetiche comuni<\/h3><p data-start=\"513\" data-end=\"784\">Gli interventi di chirurgia plastica estetica pi\u00f9 comuni includono la rinoplastica (rimodellamento del naso), l&#039;aumento del seno, la liposuzione, il lifting del viso e l&#039;addominoplastica. Queste procedure aiutano i pazienti a ottenere un aspetto pi\u00f9 giovane ed equilibrato, personalizzato in base ai loro obiettivi individuali e alle loro caratteristiche naturali.<\/p><h3 data-start=\"786\" data-end=\"819\">Benefici della chirurgia plastica<\/h3><p data-start=\"820\" data-end=\"1136\">La chirurgia plastica pu\u00f2 aumentare significativamente l&#039;autostima e migliorare il benessere fisico. Che si tratti di ripristinare la forma fisica dopo un infortunio o di valorizzare la bellezza naturale, le tecniche moderne offrono risultati sicuri ed efficaci con tempi di recupero ridotti. I piani di trattamento personalizzati garantiscono il rispetto delle esigenze e delle aspettative uniche di ogni paziente.<\/p>\t\t\t\t\t\t\t\t<\/div>\n\t\t\t\t<\/div>\n\t\t<div class=\"elementor-element elementor-element-79335b7 e-con-full e-flex lakit-col-width-auto-no e-container e-con e-child\" data-id=\"79335b7\" data-element_type=\"container\" data-e-type=\"container\" data-settings=\"{&quot;background_background&quot;:&quot;classic&quot;}\">\n\t\t\t\t<\/div>\n\t\t\t\t<\/div>\n\t\t\t\t\t<\/div>\n\t\t\t\t<\/div>\n\t\t<div class=\"elementor-element elementor-element-47bf4a0 e-flex e-con-boxed lakit-col-width-auto-no e-container e-root-container elementor-top-section e-con e-parent\" data-id=\"47bf4a0\" data-element_type=\"container\" data-e-type=\"container\">\n\t\t\t\t\t<div class=\"e-con-inner\">\n\t\t\t\t<div class=\"elementor-element elementor-element-d042061 elementor-widget__width-initial elementor-widget elementor-widget-counter\" data-id=\"d042061\" data-element_type=\"widget\" data-e-type=\"widget\" data-widget_type=\"counter.default\">\n\t\t\t\t\t\t\t<div class=\"elementor-counter\">\n\t\t\t<div class=\"elementor-counter-title\">Pazienti felici<\/div>\t\t\t<div class=\"elementor-counter-number-wrapper\">\n\t\t\t\t<span class=\"elementor-counter-number-prefix\"><\/span>\n\t\t\t\t<span class=\"elementor-counter-number\" data-duration=\"2000\" data-to-value=\"5\" data-from-value=\"\" data-delimiter=\",\"><\/span>\n\t\t\t\t<span class=\"elementor-counter-number-suffix\">K<\/span>\n\t\t\t<\/div>\n\t\t<\/div>\n\t\t\t\t\t\t<\/div>\n\t\t\t\t<div class=\"elementor-element elementor-element-b2762c4 elementor-widget__width-initial elementor-widget elementor-widget-counter\" data-id=\"b2762c4\" data-element_type=\"widget\" data-e-type=\"widget\" data-widget_type=\"counter.default\">\n\t\t\t\t\t\t\t<div class=\"elementor-counter\">\n\t\t\t<div class=\"elementor-counter-title\">Consulenti medici<\/div>\t\t\t<div class=\"elementor-counter-number-wrapper\">\n\t\t\t\t<span class=\"elementor-counter-number-prefix\"><\/span>\n\t\t\t\t<span class=\"elementor-counter-number\" data-duration=\"2000\" data-to-value=\"50\" data-from-value=\"\" data-delimiter=\",\"><\/span>\n\t\t\t\t<span class=\"elementor-counter-number-suffix\"><\/span>\n\t\t\t<\/div>\n\t\t<\/div>\n\t\t\t\t\t\t<\/div>\n\t\t\t\t<div class=\"elementor-element elementor-element-3ea55eb elementor-widget__width-initial elementor-widget elementor-widget-counter\" data-id=\"3ea55eb\" data-element_type=\"widget\" data-e-type=\"widget\" data-widget_type=\"counter.default\">\n\t\t\t\t\t\t\t<div class=\"elementor-counter\">\n\t\t\t<div class=\"elementor-counter-title\">Anni di esperienza<\/div>\t\t\t<div class=\"elementor-counter-number-wrapper\">\n\t\t\t\t<span class=\"elementor-counter-number-prefix\"><\/span>\n\t\t\t\t<span class=\"elementor-counter-number\" data-duration=\"1000\" data-to-value=\"10\" data-from-value=\"0\" data-delimiter=\",\">0<\/span>\n\t\t\t\t<span class=\"elementor-counter-number-suffix\"><\/span>\n\t\t\t<\/div>\n\t\t<\/div>\n\t\t\t\t\t\t<\/div>\n\t\t\t\t\t<\/div>\n\t\t\t\t<\/div>\n\t\t<div class=\"elementor-element elementor-element-3fed416 e-con-full e-flex lakit-col-width-auto-no e-container e-root-container elementor-top-section e-con e-parent\" data-id=\"3fed416\" data-element_type=\"container\" data-e-type=\"container\" data-settings=\"{&quot;background_background&quot;:&quot;classic&quot;}\">\n\t\t<div class=\"elementor-element elementor-element-79fd3aa e-con-full e-flex lakit-col-width-auto-no e-container e-con e-child\" data-id=\"79fd3aa\" data-element_type=\"container\" data-e-type=\"container\" data-settings=\"{&quot;background_background&quot;:&quot;classic&quot;}\">\n\t\t\t\t<\/div>\n\t\t<div class=\"elementor-element elementor-element-cd740b1 e-con-full e-flex lakit-col-width-auto-no e-container e-con e-child\" data-id=\"cd740b1\" data-element_type=\"container\" data-e-type=\"container\">\n\t\t<div class=\"elementor-element elementor-element-30ebc30 e-con-full e-flex lakit-col-width-auto-no e-container e-con e-child\" data-id=\"30ebc30\" data-element_type=\"container\" data-e-type=\"container\">\n\t\t\t\t<div class=\"elementor-element elementor-element-9db882c elementor-widget elementor-widget-heading\" data-id=\"9db882c\" data-element_type=\"widget\" data-e-type=\"widget\" data-widget_type=\"heading.default\">\n\t\t\t\t\t<h2 class=\"elementor-heading-title elementor-size-default\">Prenota una consulenza<\/h2>\t\t\t\t<\/div>\n\t\t\t\t<div class=\"elementor-element elementor-element-82a7ca5 elementor-widget__width-initial elementor-widget elementor-widget-text-editor\" data-id=\"82a7ca5\" data-element_type=\"widget\" data-e-type=\"widget\" data-widget_type=\"text-editor.default\">\n\t\t\t\t\t\t\t\t\t<p>In hac habitasse platea dictumst quisque sagittis purus. Ac turpis egestas sed tempus urna et. Mauris augue neque gravida in fermentum et. Sed felis eget velit<\/p>\t\t\t\t\t\t\t\t<\/div>\n\t\t\t\t<div class=\"elementor-element elementor-element-b5129b5 elementor-widget lastudio-kit elementor-lakit-contactform7\" data-id=\"b5129b5\" data-element_type=\"widget\" data-e-type=\"widget\" data-widget_type=\"lakit-contactform7.default\">\n\t\t\t\t\t\n<div class=\"wpcf7 no-js\" id=\"wpcf7-f7-o1\" lang=\"en-US\" dir=\"ltr\" data-wpcf7-id=\"7\">\n<div class=\"screen-reader-response\"><p role=\"status\" aria-live=\"polite\" aria-atomic=\"true\"><\/p> <ul><\/ul><\/div>\n<form action=\"\/it\/wp-json\/wp\/v2\/pages\/1595#wpcf7-f7-o1\" method=\"post\" class=\"wpcf7-form init\" aria-label=\"Modulo di contatto\" novalidate=\"novalidate\" data-status=\"init\" data-trp-original-action=\"\/it\/wp-json\/wp\/v2\/pages\/1595#wpcf7-f7-o1\">\n<fieldset class=\"hidden-fields-container\"><input type=\"hidden\" name=\"_wpcf7\" value=\"7\" \/><input type=\"hidden\" name=\"_wpcf7_version\" value=\"6.1.6\" \/><input type=\"hidden\" name=\"_wpcf7_locale\" value=\"en_US\" \/><input type=\"hidden\" name=\"_wpcf7_unit_tag\" value=\"wpcf7-f7-o1\" \/><input type=\"hidden\" name=\"_wpcf7_container_post\" value=\"0\" \/><input type=\"hidden\" name=\"_wpcf7_posted_data_hash\" value=\"\" \/>\n<\/fieldset>\n<label> Il tuo nome\n    <span class=\"wpcf7-form-control-wrap\" data-name=\"your-name\"><input size=\"40\" maxlength=\"400\" class=\"wpcf7-form-control wpcf7-text wpcf7-validates-as-required\" autocomplete=\"name\" aria-required=\"true\" aria-invalid=\"false\" value=\"\" type=\"text\" name=\"your-name\" \/><\/span> <\/label>\n\n<label> Numero di telefono\n<span class=\"wpcf7-form-control-wrap\" data-name=\"your-phone\"><input size=\"40\" maxlength=\"400\" class=\"wpcf7-form-control wpcf7-tel wpcf7-validates-as-required wpcf7-text wpcf7-validates-as-tel\" autocomplete=\"tel\" aria-required=\"true\" aria-invalid=\"false\" value=\"\" type=\"tel\" name=\"your-phone\" \/><\/span>\u00a0<\/label>\n\n<label> Soggetto\n    <span class=\"wpcf7-form-control-wrap\" data-name=\"your-subject\"><input size=\"40\" maxlength=\"400\" class=\"wpcf7-form-control wpcf7-text wpcf7-validates-as-required\" aria-required=\"true\" aria-invalid=\"false\" value=\"\" type=\"text\" name=\"your-subject\" \/><\/span> <\/label>\n\n<label> Il tuo messaggio (facoltativo)\n    <span class=\"wpcf7-form-control-wrap\" data-name=\"your-message\"><textarea cols=\"40\" rows=\"10\" maxlength=\"2000\" class=\"wpcf7-form-control wpcf7-textarea\" aria-invalid=\"false\" name=\"your-message\"><\/textarea><\/span> <\/label>\n\n<input class=\"wpcf7-form-control wpcf7-submit has-spinner\" type=\"submit\" value=\"Invia\" \/><div class=\"wpcf7-response-output\" aria-hidden=\"true\"><\/div>\n<input type=\"hidden\" name=\"trp-form-language\" value=\"it\"\/><\/form>\n<\/div>\n\t\t\t\t<\/div>\n\t\t\t\t<\/div>\n\t\t\t\t<\/div>\n\t\t\t\t<\/div>\n\t\t\t\t<\/div>","protected":false},"excerpt":{"rendered":"<p>Plastic Surgery Plastic surgery is a medical specialty focused on the reconstruction, restoration, or alteration of the human body. It includes both cosmetic procedures aimed at enhancing appearance and reconstructive surgeries that repair defects caused by trauma, congenital conditions, or illness. The goal is to improve function, aesthetics, and quality of&hellip;<\/p>","protected":false},"author":1,"featured_media":0,"parent":0,"menu_order":0,"comment_status":"closed","ping_status":"closed","template":"","meta":{"footnotes":""},"class_list":["post-1595","page","type-page","status-publish","hentry"],"_links":{"self":[{"href":"https:\/\/novacareclinic.net\/it\/wp-json\/wp\/v2\/pages\/1595","targetHints":{"allow":["GET"]}}],"collection":[{"href":"https:\/\/novacareclinic.net\/it\/wp-json\/wp\/v2\/pages"}],"about":[{"href":"https:\/\/novacareclinic.net\/it\/wp-json\/wp\/v2\/types\/page"}],"author":[{"embeddable":true,"href":"https:\/\/novacareclinic.net\/it\/wp-json\/wp\/v2\/users\/1"}],"replies":[{"embeddable":true,"href":"https:\/\/novacareclinic.net\/it\/wp-json\/wp\/v2\/comments?post=1595"}],"version-history":[{"count":9,"href":"https:\/\/novacareclinic.net\/it\/wp-json\/wp\/v2\/pages\/1595\/revisions"}],"predecessor-version":[{"id":2122,"href":"https:\/\/novacareclinic.net\/it\/wp-json\/wp\/v2\/pages\/1595\/revisions\/2122"}],"wp:attachment":[{"href":"https:\/\/novacareclinic.net\/it\/wp-json\/wp\/v2\/media?parent=1595"}],"curies":[{"name":"wp","href":"https:\/\/api.w.org\/{rel}","templated":true}]}}